{"id":19,"date":"2026-03-29T22:31:38","date_gmt":"2026-03-29T20:31:38","guid":{"rendered":"https:\/\/new.citoyenr.org\/?page_id=19"},"modified":"2026-03-29T22:31:38","modified_gmt":"2026-03-29T20:31:38","slug":"notre-histoire","status":"publish","type":"page","link":"https:\/\/new.citoyenr.org\/index.php\/notre-histoire\/","title":{"rendered":"Notre histoire"},"content":{"rendered":"\n<div class=\"wp-block-columns is-layout-flex wp-container-core-columns-is-layout-28f84493 wp-block-columns-is-layout-flex\">\n<div class=\"wp-block-column is-layout-flow wp-block-column-is-layout-flow\">\n<h2 class=\"wp-block-heading\">D\u00e9but 2015<\/h2>\n\n\n\n<h3 class=\"wp-block-heading\">Citoy&rsquo;enR, l&rsquo;aventure d\u00e9marre!<\/h3>\n\n\n\n<p>Le projet&nbsp;Citoy\u2019enR&nbsp;a \u00e9t\u00e9 initi\u00e9 par plusieurs personnes issues des associations locales Toulouse en Transition&nbsp;et des Amis de la Terre. Un collectif citoyen, ou groupe moteur, s\u2019est alors constitu\u00e9, comprenant des membres de ces deux associations, mais aussi d\u2019autres personnes pr\u00e9sentes en tant que simple citoyen.&nbsp;<\/p>\n<\/div>\n\n\n\n<div class=\"wp-block-column is-layout-flow wp-block-column-is-layout-flow\">\n<figure class=\"wp-block-image size-full is-resized\"><img loading=\"lazy\" decoding=\"async\" width=\"300\" height=\"225\" src=\"https:\/\/new.citoyenr.org\/wp-content\/uploads\/2026\/03\/image-3.png\" alt=\"\" class=\"wp-image-20\" style=\"width:300px;height:auto\"\/><\/figure>\n<\/div>\n<\/div>\n\n\n\n<div class=\"wp-block-columns is-layout-flex wp-container-core-columns-is-layout-28f84493 wp-block-columns-is-layout-flex\">\n<div class=\"wp-block-column is-layout-flow wp-block-column-is-layout-flow\">\n<figure class=\"wp-block-image size-full\"><img loading=\"lazy\" decoding=\"async\" width=\"300\" height=\"119\" src=\"https:\/\/new.citoyenr.org\/wp-content\/uploads\/2026\/03\/image-4.png\" alt=\"\" class=\"wp-image-21\"\/><\/figure>\n<\/div>\n\n\n\n<div class=\"wp-block-column is-layout-flow wp-block-column-is-layout-flow\">\n<h2 class=\"wp-block-heading\">Janvier 2016<\/h2>\n\n\n\n<h3 class=\"wp-block-heading\">Accompagnement Premi\u00e8re Brique, incubateur d&rsquo;innovation sociale<\/h3>\n\n\n\n<p>Le projet Citoy\u2019enR est retenu par l\u2019incubateur d\u2019innovation sociale Premi\u00e8re Brique. Cet accompagnement permet aux membres du groupe moteur de passer de l\u2019id\u00e9e au projet, de monter en comp\u00e9tence et en vision entrepreneuriale, mais \u00e9galement d\u2019\u00eatre mis en relation avec un ensemble d\u2019acteurs cl\u00e9s.<\/p>\n<\/div>\n<\/div>\n\n\n\n<div class=\"wp-block-columns is-layout-flex wp-container-core-columns-is-layout-28f84493 wp-block-columns-is-layout-flex\">\n<div class=\"wp-block-column is-layout-flow wp-block-column-is-layout-flow\">\n<h2 class=\"wp-block-heading\">Mai 2016<\/h2>\n\n\n\n<h3 class=\"wp-block-heading\">Cr\u00e9ation de l&rsquo;association<\/h3>\n\n\n\n<p>L\u2019association de pr\u00e9figuration est constitu\u00e9e afin d\u2019avoir une existence juridique aupr\u00e8s de nos partenaires et de b\u00e9n\u00e9ficier d\u2019une meilleure visibilit\u00e9.<\/p>\n<\/div>\n\n\n\n<div class=\"wp-block-column is-layout-flow wp-block-column-is-layout-flow\">\n<figure class=\"wp-block-image size-full\"><img loading=\"lazy\" decoding=\"async\" width=\"300\" height=\"225\" src=\"https:\/\/new.citoyenr.org\/wp-content\/uploads\/2026\/03\/image-5.png\" alt=\"\" class=\"wp-image-22\"\/><\/figure>\n<\/div>\n<\/div>\n\n\n\n<div class=\"wp-block-columns is-layout-flex wp-container-core-columns-is-layout-28f84493 wp-block-columns-is-layout-flex\">\n<div class=\"wp-block-column is-layout-flow wp-block-column-is-layout-flow\">\n<figure class=\"wp-block-image size-full\"><img loading=\"lazy\" decoding=\"async\" width=\"300\" height=\"225\" src=\"https:\/\/new.citoyenr.org\/wp-content\/uploads\/2026\/03\/image-6.png\" alt=\"\" class=\"wp-image-23\"\/><\/figure>\n<\/div>\n\n\n\n<div class=\"wp-block-column is-layout-flow wp-block-column-is-layout-flow\">\n<h2 class=\"wp-block-heading\">Septembre 2016<\/h2>\n\n\n\n<h3 class=\"wp-block-heading\">Lancement de la communication publique<\/h3>\n\n\n\n<p>La mobilisation citoyenne d\u00e9marre r\u00e9ellement : appel \u00e0 adh\u00e9sion, page Facebook, premi\u00e8re newsletter, cr\u00e9ation du site web, premiers articles dans la presse, cr\u00e9ation du logo. Un r\u00e9elle identit\u00e9 visuelle est cr\u00e9\u00e9e. En compl\u00e9ment, Citoy\u2019enR continue \u00e0 rencontrer les citoyens, en participant notamment \u00e0 la Journ\u00e9e de la Transition, o\u00f9 elle tient un stand aux c\u00f4t\u00e9s de Toulouse en Transition.<\/p>\n\n\n\n<h3 class=\"wp-block-heading\">Accompagnement ENERCOOP<\/h3>\n\n\n\n<p>Toulouse M\u00e9tropole amplifie son soutien en nous permettant de b\u00e9n\u00e9ficier d&rsquo;un accompagnement par Enercoop Midi-Pyr\u00e9n\u00e9es sur la globalit\u00e9 des d\u00e9veloppements.<\/p>\n<\/div>\n<\/div>\n\n\n\n<div class=\"wp-block-columns is-layout-flex wp-container-core-columns-is-layout-28f84493 wp-block-columns-is-layout-flex\">\n<div class=\"wp-block-column is-layout-flow wp-block-column-is-layout-flow\">\n<h2 class=\"wp-block-heading\">D\u00e9cembre 2016 <\/h2>\n\n\n\n<h3 class=\"wp-block-heading\">Citoy&rsquo;enR est laur\u00e9at de l&rsquo;appel \u00e0 projet de la R\u00e9gion Occitanie et de l&rsquo;Ademe \u00ab\u00a0Energies coop\u00e9ratives et citoyennes\u00a0\u00bb<\/h3>\n\n\n\n<p>C\u2019est un soutien majeur pour le projet : Citoy\u2019enR peut ainsi b\u00e9n\u00e9ficier d\u2019aides au financement d\u2019\u00e9tudes, des avances remboursables et\/ou des primes \u00e0 la participation citoyenne (pour 1 \u20ac citoyen collect\u00e9, la R\u00e9gion ajoutera 1 \u20ac), ainsi qu\u2019un accompagnement d\u00e9di\u00e9. C\u2019est une garantie suppl\u00e9mentaire pour la r\u00e9alisation des premi\u00e8res toitures solaires sur l\u2019ann\u00e9e 2017.<\/p>\n<\/div>\n\n\n\n<div class=\"wp-block-column is-layout-flow wp-block-column-is-layout-flow\">\n<figure class=\"wp-block-image size-full\"><img loading=\"lazy\" decoding=\"async\" width=\"300\" height=\"225\" src=\"https:\/\/new.citoyenr.org\/wp-content\/uploads\/2026\/03\/image-7.png\" alt=\"\" class=\"wp-image-24\"\/><\/figure>\n<\/div>\n<\/div>\n\n\n\n<div class=\"wp-block-columns is-layout-flex wp-container-core-columns-is-layout-28f84493 wp-block-columns-is-layout-flex\">\n<div class=\"wp-block-column is-layout-flow wp-block-column-is-layout-flow\">\n<figure class=\"wp-block-image size-full\"><img loading=\"lazy\" decoding=\"async\" width=\"300\" height=\"225\" src=\"https:\/\/new.citoyenr.org\/wp-content\/uploads\/2026\/03\/image-11.png\" alt=\"\" class=\"wp-image-28\"\/><\/figure>\n<\/div>\n\n\n\n<div class=\"wp-block-column is-layout-flow wp-block-column-is-layout-flow\">\n<h2 class=\"wp-block-heading\">Janvier 2017<\/h2>\n\n\n\n<h3 class=\"wp-block-heading\">Citoy&rsquo;enR choisit le <a href=\"https:\/\/citoyenr.org\/energie-citoyenne-faq\/\">statut SCIC<\/a>!<\/h3>\n\n\n\n<p>Le choix a \u00e9t\u00e9 effectu\u00e9 au terme d\u2019une AG pr\u00e9sentant les modes de fonctionnement et les avantages des formats SCIC et SAS. La r\u00e9daction des statuts commence.<\/p>\n<\/div>\n<\/div>\n\n\n\n<div class=\"wp-block-columns is-layout-flex wp-container-core-columns-is-layout-28f84493 wp-block-columns-is-layout-flex\">\n<div class=\"wp-block-column is-layout-flow wp-block-column-is-layout-flow\">\n<div class=\"wp-block-columns is-layout-flex wp-container-core-columns-is-layout-28f84493 wp-block-columns-is-layout-flex\">\n<div class=\"wp-block-column is-layout-flow wp-block-column-is-layout-flow\">\n<h2 class=\"wp-block-heading\">Avril 2017<\/h2>\n\n\n\n<h3 class=\"wp-block-heading\">La premi\u00e8re grappe de projets se dessine&nbsp;<\/h3>\n\n\n\n<p>Le travail de prospection porte ses fruits. Apr\u00e8s avoir analys\u00e9 200 b\u00e2timents au niveau de l&rsquo;agglom\u00e9ration toulousaine, 16 toitures ont \u00e9t\u00e9 retenues pour l&rsquo;installation de panneaux photovolta\u00efques.<\/p>\n<\/div>\n<\/div>\n<\/div>\n\n\n\n<div class=\"wp-block-column is-layout-flow wp-block-column-is-layout-flow\">\n<figure class=\"wp-block-image size-full\"><img loading=\"lazy\" decoding=\"async\" width=\"300\" height=\"225\" src=\"https:\/\/new.citoyenr.org\/wp-content\/uploads\/2026\/03\/image-10.png\" alt=\"\" class=\"wp-image-27\"\/><\/figure>\n<\/div>\n<\/div>\n\n\n\n<div class=\"wp-block-columns is-layout-flex wp-container-core-columns-is-layout-28f84493 wp-block-columns-is-layout-flex\">\n<div class=\"wp-block-column is-layout-flow wp-block-column-is-layout-flow\">\n<figure class=\"wp-block-image size-full\"><img loading=\"lazy\" decoding=\"async\" width=\"768\" height=\"262\" src=\"https:\/\/new.citoyenr.org\/wp-content\/uploads\/2026\/03\/image-9.png\" alt=\"\" class=\"wp-image-26\" srcset=\"https:\/\/new.citoyenr.org\/wp-content\/uploads\/2026\/03\/image-9.png 768w, https:\/\/new.citoyenr.org\/wp-content\/uploads\/2026\/03\/image-9-300x102.png 300w\" sizes=\"auto, (max-width: 768px) 100vw, 768px\" \/><\/figure>\n<\/div>\n\n\n\n<div class=\"wp-block-column is-layout-flow wp-block-column-is-layout-flow\">\n<h2 class=\"wp-block-heading\">Juin 2017<\/h2>\n\n\n\n<h3 class=\"wp-block-heading\">Citoy&rsquo;enR devient une <a href=\"https:\/\/citoyenr.org\/cooperative-scic-gouvernance\/\">Soci\u00e9t\u00e9 Coop\u00e9rative d&rsquo;Int\u00e9r\u00eat Collectif<\/a><\/h3>\n\n\n\n<p>La <a href=\"https:\/\/citoyenr.org\/energie-toulouse-souscriptions\/\">souscription <\/a>pour la premi\u00e8re&nbsp;grappe est ouverte aux citoyens.<\/p>\n<\/div>\n<\/div>\n\n\n\n<div class=\"wp-block-columns is-layout-flex wp-container-core-columns-is-layout-28f84493 wp-block-columns-is-layout-flex\">\n<div class=\"wp-block-column is-layout-flow wp-block-column-is-layout-flow\">\n<h2 class=\"wp-block-heading\">Juin 2018<\/h2>\n\n\n\n<h3 class=\"wp-block-heading\">Grosse f\u00eate chez Citoy&rsquo;enR : premier anniversaire de la SCIC, premi\u00e8re AG et premi\u00e8res installations !<\/h3>\n\n\n\n<p><strong>Apr\u00e8s un an d\u2019efforts, les premi\u00e8res installations ont abouti !&nbsp;<\/strong>Le mois de juin 2018 f\u00fbt riche en \u00e9motions avec les deux premiers chantiers r\u00e9alis\u00e9s dans le courant de la semaine du 18 juin faisant suite \u00e0 l&rsquo;inauguration ainsi que l&rsquo;anniversaire de la SCIC le samedi 23 juin.&nbsp;Cette journ\u00e9e \u00e9tait inscrite dans un&nbsp;<strong>grand weekend d\u00e9di\u00e9 aux \u00e9nergies citoyennes<\/strong>, puisque le r\u00e9seau national&nbsp;<a href=\"https:\/\/energie-partagee.org\/\">Energie Partag\u00e9e<\/a>&nbsp;et le r\u00e9seau r\u00e9gional&nbsp;<a href=\"http:\/\/ec-lr.org\/\">EC\u2019LR<\/a>&nbsp;ont organis\u00e9 leurs assembl\u00e9es g\u00e9n\u00e9rales \u00e0 Toulouse ce m\u00eame weekend !<\/p>\n<\/div>\n\n\n\n<div class=\"wp-block-column is-layout-flow wp-block-column-is-layout-flow\">\n<figure class=\"wp-block-image size-full\"><img loading=\"lazy\" decoding=\"async\" width=\"768\" height=\"411\" src=\"https:\/\/new.citoyenr.org\/wp-content\/uploads\/2026\/03\/image-8.png\" alt=\"\" class=\"wp-image-25\" srcset=\"https:\/\/new.citoyenr.org\/wp-content\/uploads\/2026\/03\/image-8.png 768w, https:\/\/new.citoyenr.org\/wp-content\/uploads\/2026\/03\/image-8-300x161.png 300w\" sizes=\"auto, (max-width: 768px) 100vw, 768px\" \/><\/figure>\n<\/div>\n<\/div>\n\n\n\n<p><\/p>\n","protected":false},"excerpt":{"rendered":"<p>D\u00e9but 2015 Citoy&rsquo;enR, l&rsquo;aventure d\u00e9marre! Le projet&nbsp;Citoy\u2019enR&nbsp;a \u00e9t\u00e9 initi\u00e9 par plusieurs personnes issues des associations locales Toulouse en Transition&nbsp;et des Amis de la Terre. Un collectif citoyen, ou groupe moteur, s\u2019est alors constitu\u00e9, comprenant des membres de ces deux associations, mais aussi d\u2019autres personnes pr\u00e9sentes en tant que simple citoyen.&nbsp; Janvier 2016 Accompagnement Premi\u00e8re Brique, [&hellip;]<\/p>\n","protected":false},"author":1,"featured_media":0,"parent":0,"menu_order":0,"comment_status":"closed","ping_status":"closed","template":"","meta":{"footnotes":""},"class_list":["post-19","page","type-page","status-publish","hentry"],"blocksy_meta":[],"_links":{"self":[{"href":"https:\/\/new.citoyenr.org\/index.php\/wp-json\/wp\/v2\/pages\/19","targetHints":{"allow":["GET"]}}],"collection":[{"href":"https:\/\/new.citoyenr.org\/index.php\/wp-json\/wp\/v2\/pages"}],"about":[{"href":"https:\/\/new.citoyenr.org\/index.php\/wp-json\/wp\/v2\/types\/page"}],"author":[{"embeddable":true,"href":"https:\/\/new.citoyenr.org\/index.php\/wp-json\/wp\/v2\/users\/1"}],"replies":[{"embeddable":true,"href":"https:\/\/new.citoyenr.org\/index.php\/wp-json\/wp\/v2\/comments?post=19"}],"version-history":[{"count":1,"href":"https:\/\/new.citoyenr.org\/index.php\/wp-json\/wp\/v2\/pages\/19\/revisions"}],"predecessor-version":[{"id":29,"href":"https:\/\/new.citoyenr.org\/index.php\/wp-json\/wp\/v2\/pages\/19\/revisions\/29"}],"wp:attachment":[{"href":"https:\/\/new.citoyenr.org\/index.php\/wp-json\/wp\/v2\/media?parent=19"}],"curies":[{"name":"wp","href":"https:\/\/api.w.org\/{rel}","templated":true}]}}