{"id":30,"date":"2026-03-29T22:34:14","date_gmt":"2026-03-29T20:34:14","guid":{"rendered":"https:\/\/new.citoyenr.org\/?page_id=30"},"modified":"2026-03-29T22:34:14","modified_gmt":"2026-03-29T20:34:14","slug":"devenir-societaire","status":"publish","type":"page","link":"https:\/\/new.citoyenr.org\/index.php\/devenir-societaire\/","title":{"rendered":"Devenir soci\u00e9taire"},"content":{"rendered":"\n<h2 class=\"wp-block-heading\">Ensemble, d\u00e9veloppons l\u2019\u00e9nergie par et pour les citoyens \u00e0 Toulouse !<\/h2>\n\n\n\n<figure class=\"wp-block-image aligncenter size-large is-resized\"><img loading=\"lazy\" decoding=\"async\" width=\"1024\" height=\"489\" src=\"https:\/\/new.citoyenr.org\/wp-content\/uploads\/2026\/03\/image-12-1024x489.png\" alt=\"\" class=\"wp-image-31\" style=\"width:469px;height:auto\" srcset=\"https:\/\/new.citoyenr.org\/wp-content\/uploads\/2026\/03\/image-12-1024x489.png 1024w, https:\/\/new.citoyenr.org\/wp-content\/uploads\/2026\/03\/image-12-300x143.png 300w, https:\/\/new.citoyenr.org\/wp-content\/uploads\/2026\/03\/image-12-768x367.png 768w, https:\/\/new.citoyenr.org\/wp-content\/uploads\/2026\/03\/image-12.png 1280w\" sizes=\"auto, (max-width: 1024px) 100vw, 1024px\" \/><\/figure>\n\n\n\n<h2 class=\"wp-block-heading\">Pourquoi devenir soci\u00e9taire ?<\/h2>\n\n\n\n<p><strong>Vous financez des projets locaux qui profitent au territoire&nbsp;:<\/strong><\/p>\n\n\n\n<p>Les projets d\u2019\u00e9nergie renouvelable de Citoy\u2019enR sont situ\u00e9s dans l\u2019aire urbaine de Toulouse, et sont mis en \u0153uvre avec un maximum de partenaires du territoire. Ils cr\u00e9ent notamment une activit\u00e9 pour les installateurs locaux (installation puis maintenance des panneaux). La vente de l\u2019\u00e9lectricit\u00e9 finance la coop\u00e9rative, permet de financer de nouveaux projets, et r\u00e9mun\u00e8re les habitants du territoire qui sont devenus soci\u00e9taires.<\/p>\n\n\n\n<p>Les projets citoyens, comme ceux men\u00e9s par CitoyenR, g\u00e9n\u00e8rent <strong>2 \u00e0 3 fois plus de retomb\u00e9es \u00e9conomiques pour le territoire<\/strong> qu\u2019un projet port\u00e9 par des acteurs ext\u00e9rieurs, comme le montre cette <a href=\"https:\/\/energie-partagee.org\/etude-retombees-eco\/\">\u00e9tude d\u2019Energie Partag\u00e9e.<\/a><\/p>\n\n\n\n<p><strong>Vous financez la transition \u00e9cologique et \u00e9nerg\u00e9tique&nbsp;:<\/strong><\/p>\n\n\n\n<p>Votre \u00e9pargne finance des projets d\u2019\u00e9nergie renouvelable et non pas des projets et actions climaticides ou li\u00e9s aux \u00e9nergies fossiles, comme c\u2019est trop souvent le cas de l\u2019\u00e9pargne bancaire. Nous faisons le choix d\u00e8s que possible d\u2019installer des panneaux fabriqu\u00e9s en France ou en Europe, ce qui limite encore davantage leur bilan carbone&nbsp;! Vous financez \u00e9galement nos autres actions de sensibilisation autour de la sobri\u00e9t\u00e9, des \u00e9conomies d\u2019\u00e9nergie et du climat, qui sont indissociables de la production d\u2019\u00e9nergie renouvelable.<\/p>\n\n\n\n<p><strong>Vous financez un projet \u00e9thique \u00e0 impact positif&nbsp;:<\/strong><\/p>\n\n\n\n<p>Citoy\u2019enR est <a href=\"https:\/\/citoyenr.org\/cooperative-scic-gouvernance\/\">une coop\u00e9rative d\u2019int\u00e9r\u00eat collectif (SCIC)&nbsp;:<\/a> en devenant soci\u00e9taire, vous pouvez ainsi participer aux prises de d\u00e9cisions sur les grandes orientations du projet (sur le principe une personne = une voix). Vous pourrez notamment d\u00e9cider de l\u2019utilisation des b\u00e9n\u00e9fices&nbsp;: distribuer des dividendes, d\u00e9velopper de nouvelles centrales ou financer d\u2019autres actions. Nous sommes transparents sur l\u2019utilisation des fonds, et nous informons et consultons tr\u00e8s r\u00e9guli\u00e8rement les soci\u00e9taires sur nos projets et notre strat\u00e9gie.<\/p>\n\n\n\n<p>Nous nous effor\u00e7ons \u00e9galement de financer des \u00ab&nbsp;bons&nbsp;\u00bb projets&nbsp;: nous suivons notamment les crit\u00e8res du <a href=\"https:\/\/energie-partagee.org\/decouvrir\/energie-citoyenne\/label-charte-energie-partagee\/\">label d\u2019Energie Partag\u00e9e<\/a> sur les dimensions \u00e9thiques, \u00e9conomique et \u00e9cologiques, et nous r\u00e9fl\u00e9chissons pour chaque projet \u00e0 son int\u00e9r\u00eat, aux parties prenantes (collectivit\u00e9, acteurs priv\u00e9s\u2026) avant de nous engager.<\/p>\n\n\n\n<p><strong>Vous aidez Citoy\u2019enR \u00e0 se d\u00e9velopper&nbsp;:<\/strong><\/p>\n\n\n\n<p>Afin d\u2019acc\u00e9l\u00e9rer la transition \u00e9nerg\u00e9tique localement, nous voulons \u00e0 la fois continuer \u00e0 d\u00e9velopper des projets de production d\u2019\u00e9nergie renouvelable, mais aussi nous diversifier (autoconsommation, ma\u00eetrise de l\u2019\u00e9nergie, sobri\u00e9t\u00e9, \u2026). Pour cela, il nous faut \u00e0 la fois du financement citoyen, mais aussi \u00eatre plus nombreux pour peser face aux politiques&nbsp;: toute souscription, m\u00eame d\u2019une part sociale, nous permet de montrer que de plus de plus de citoyens veulent aller dans cette direction&nbsp;!<\/p>\n\n\n\n<h2 class=\"wp-block-heading\">Comment devenir soci\u00e9taire ?<\/h2>\n\n\n\n<p><strong>1\/ <a href=\"https:\/\/citoyenr.org\/wp-content\/uploads\/2024\/02\/202402_DIS-CitoyenR.pdf\">T\u00e9l\u00e9charger<\/a> et lire<\/strong> le Document d\u2019information synth\u00e9tique (DIS) relatif aux offres ouvertes au public d\u2019un montant inf\u00e9rieur \u00e0 8 millions d\u2019euros \u00e9tabli conform\u00e9ment aux instructions de l&rsquo;Autorit\u00e9 des March\u00e9s Financiers (AMF).<\/p>\n\n\n\n<p><strong>2\/ T\u00e9l\u00e9charger et remplir<\/strong> le bulletin de souscription correspondant \u00e0 votre situation en mentionnant le nombre de parts que vous souhaitez souscrire <strong>( 1 part sociale = 50 \u20ac )<\/strong><\/p>\n\n\n\n<ul class=\"wp-block-list\">\n<li><a href=\"https:\/\/citoyenr.org\/wp-content\/uploads\/2026\/03\/Bulletin-de-souscription-CitoyenR-personnes-physiques.pdf\" target=\"_blank\" rel=\"noreferrer noopener\">Personne physique adulte<\/a><\/li>\n\n\n\n<li><a href=\"https:\/\/citoyenr.org\/wp-content\/uploads\/2026\/03\/Bulletin-de-souscription-CitoyenR-personnes-physiques-mineures.pdf\" target=\"_blank\" rel=\"noreferrer noopener\">Personne physique mineure<\/a><\/li>\n\n\n\n<li><a href=\"https:\/\/citoyenr.org\/wp-content\/uploads\/2026\/03\/Bulletin-de-souscription-CitoyenR-personnes-morales.pdf\" target=\"_blank\" rel=\"noreferrer noopener\">Personne morale<\/a><\/li>\n\n\n\n<li><a href=\"https:\/\/citoyenr.org\/wp-content\/uploads\/2026\/03\/Bulletin-de-souscription-CitoyenR-pour-offrir.pdf\" target=\"_blank\" rel=\"noreferrer noopener\">Bulletin pour offrir<\/a><\/li>\n<\/ul>\n\n\n\n<p><strong>3\/ Envoyer<\/strong> le <strong>bulletin de souscription<\/strong> rempli avec une copie d&rsquo;une <strong>pi\u00e8ce d&rsquo;identit\u00e9<\/strong> et d&rsquo;un<strong> justificatif de domicile<\/strong> de moins de 3 mois soit :<\/p>\n\n\n\n<ul class=\"wp-block-list\">\n<li>Par mail : <a href=\"mailto:societaires@citoyenr.org\" target=\"_blank\" rel=\"noreferrer noopener\">societaires@citoyenr.org<\/a><\/li>\n\n\n\n<li>Par courrier : SCIC &#8211; SAS CITOY&rsquo;ENR &#8211; 6 rue Louis Marc Demouilles &#8211; 31400 TOULOUSE<\/li>\n<\/ul>\n\n\n\n<p><strong>4\/ Payer <\/strong><\/p>\n\n\n\n<ul class=\"wp-block-list\">\n<li><strong>en faisant un virement<\/strong> (Cr\u00e9dit Mutuel &#8211; IBAN : FR76 1027 8022 5200 0203 6490 209 &#8211; BIC : CMCIFR2A)<\/li>\n\n\n\n<li>en joignant un ch\u00e8que par courrier<\/li>\n<\/ul>\n\n\n\n<p>Pour toute question sur la souscription, n&rsquo;h\u00e9sitez pas \u00e0 nous contacter avec le lien : <a href=\"https:\/\/citoyenr.org\/toulouse-citoyen-contact\/\">Contact Citoy&rsquo;enR<\/a><\/p>\n\n\n\n<h2 class=\"wp-block-heading\">Comment re-souscrire ?<\/h2>\n\n\n\n<p>Vous pouvez \u00e0 tout moment souscrire de nouvelles parts sociales pour renforcer la lev\u00e9e de fond destin\u00e9e \u00e0 financer les installations en cours ou \u00e0 venir.<\/p>\n\n\n\n<p><strong>Pour cela, remplissez un nouveau bulletin, envoyez le nous par mail ou par courrier et joignez-y le paiement (ch\u00e8que ou virement).<br><\/strong><\/p>\n\n\n\n<p>Les photocopies de pi\u00e8ce d&rsquo;identit\u00e9 et justificatif de domicile ne sont n\u00e9cessaires qu&rsquo;en cas de changement de situation depuis votre derni\u00e8re souscription.<\/p>\n\n\n\n<figure class=\"wp-block-image aligncenter\"><img decoding=\"async\" src=\"https:\/\/citoyenr.org\/wp-content\/uploads\/2018\/12\/CitoyenR_Logo_humain_2-1-710x300.jpg\" alt=\"\" title=\"CitoyenR_Logo_humain_2\"\/><\/figure>\n","protected":false},"excerpt":{"rendered":"<p>Ensemble, d\u00e9veloppons l\u2019\u00e9nergie par et pour les citoyens \u00e0 Toulouse ! Pourquoi devenir soci\u00e9taire ? Vous financez des projets locaux qui profitent au territoire&nbsp;: Les projets d\u2019\u00e9nergie renouvelable de Citoy\u2019enR sont situ\u00e9s dans l\u2019aire urbaine de Toulouse, et sont mis en \u0153uvre avec un maximum de partenaires du territoire. Ils cr\u00e9ent notamment une activit\u00e9 pour [&hellip;]<\/p>\n","protected":false},"author":1,"featured_media":0,"parent":0,"menu_order":0,"comment_status":"closed","ping_status":"closed","template":"","meta":{"footnotes":""},"class_list":["post-30","page","type-page","status-publish","hentry"],"blocksy_meta":[],"_links":{"self":[{"href":"https:\/\/new.citoyenr.org\/index.php\/wp-json\/wp\/v2\/pages\/30","targetHints":{"allow":["GET"]}}],"collection":[{"href":"https:\/\/new.citoyenr.org\/index.php\/wp-json\/wp\/v2\/pages"}],"about":[{"href":"https:\/\/new.citoyenr.org\/index.php\/wp-json\/wp\/v2\/types\/page"}],"author":[{"embeddable":true,"href":"https:\/\/new.citoyenr.org\/index.php\/wp-json\/wp\/v2\/users\/1"}],"replies":[{"embeddable":true,"href":"https:\/\/new.citoyenr.org\/index.php\/wp-json\/wp\/v2\/comments?post=30"}],"version-history":[{"count":1,"href":"https:\/\/new.citoyenr.org\/index.php\/wp-json\/wp\/v2\/pages\/30\/revisions"}],"predecessor-version":[{"id":32,"href":"https:\/\/new.citoyenr.org\/index.php\/wp-json\/wp\/v2\/pages\/30\/revisions\/32"}],"wp:attachment":[{"href":"https:\/\/new.citoyenr.org\/index.php\/wp-json\/wp\/v2\/media?parent=30"}],"curies":[{"name":"wp","href":"https:\/\/api.w.org\/{rel}","templated":true}]}}