{"id":9,"date":"2026-03-29T22:19:32","date_gmt":"2026-03-29T20:19:32","guid":{"rendered":"https:\/\/new.citoyenr.org\/?page_id=9"},"modified":"2026-03-29T22:20:12","modified_gmt":"2026-03-29T20:20:12","slug":"citoyenr-production-citoyenne-denergie-renouvelable","status":"publish","type":"page","link":"https:\/\/new.citoyenr.org\/","title":{"rendered":"Citoy\u2019enR Production citoyenne d\u2019\u00e9nergie renouvelable"},"content":{"rendered":"\n<p style=\"font-size: 40px; text-align: center;\">Ensemble, <span class=\"animatedcounters\" style=\"color:#3EABB0;font-size:40px;line-height:40px;\" counter-lim=\"613\" data-duration=\"5000\">613<\/span> citoyens ont investi <span class=\"animatedcounters\" style=\"color:#3EABB0;font-size:40px;line-height:40px;\" counter-lim=\"302350\" data-duration=\"5000\">302\u202f350<\/span> \u20ac et produit <span class=\"animatedcounters\" style=\"color:#3EABB0;font-size:40px;line-height:40px;\" counter-lim=\"3042557\" data-duration=\"5000\">3\u202f042\u202f557<\/span> kWh !<\/p>\n\n\n\n<div class=\"wp-block-columns is-layout-flex wp-container-core-columns-is-layout-28f84493 wp-block-columns-is-layout-flex\">\n<div class=\"wp-block-column is-layout-flow wp-block-column-is-layout-flow\">\n<figure class=\"wp-block-image size-full\"><img loading=\"lazy\" decoding=\"async\" width=\"1024\" height=\"571\" src=\"https:\/\/new.citoyenr.org\/wp-content\/uploads\/2026\/03\/image.png\" alt=\"\" class=\"wp-image-10\" srcset=\"https:\/\/new.citoyenr.org\/wp-content\/uploads\/2026\/03\/image.png 1024w, https:\/\/new.citoyenr.org\/wp-content\/uploads\/2026\/03\/image-300x167.png 300w, https:\/\/new.citoyenr.org\/wp-content\/uploads\/2026\/03\/image-768x428.png 768w\" sizes=\"auto, (max-width: 1024px) 100vw, 1024px\" \/><\/figure>\n<\/div>\n\n\n\n<div class=\"wp-block-column is-layout-flow wp-block-column-is-layout-flow\">\n<figure class=\"wp-block-image size-full\"><img loading=\"lazy\" decoding=\"async\" width=\"1024\" height=\"581\" src=\"https:\/\/new.citoyenr.org\/wp-content\/uploads\/2026\/03\/image-1.png\" alt=\"\" class=\"wp-image-11\" srcset=\"https:\/\/new.citoyenr.org\/wp-content\/uploads\/2026\/03\/image-1.png 1024w, https:\/\/new.citoyenr.org\/wp-content\/uploads\/2026\/03\/image-1-300x170.png 300w, https:\/\/new.citoyenr.org\/wp-content\/uploads\/2026\/03\/image-1-768x436.png 768w\" sizes=\"auto, (max-width: 1024px) 100vw, 1024px\" \/><\/figure>\n<\/div>\n<\/div>\n\n\n\n<h2 class=\"wp-block-heading\">Citoy\u2019enR, un projet citoyen et local<\/h2>\n\n\n\n<p>Citoy\u2019enR est une SCIC (<a href=\"https:\/\/citoyenr.org\/cooperative-scic-gouvernance\/\">Soci\u00e9t\u00e9 Coop\u00e9rative d\u2019Int\u00e9r\u00eat Collectif<\/a>) dont la volont\u00e9 est de cr\u00e9er des\u202f<strong>moyens de production d\u2019\u00e9nergie renouvelable<\/strong>\u202fsur l\u2019ensemble de l\u2019aire urbaine toulousaine.<\/p>\n\n\n\n<p>Ce projet s\u2019inscrit dans les valeurs de l\u2019\u00e9conomie sociale et solidaire. Son d\u00e9veloppement et sa r\u00e9ussite s\u2019appuient sur l\u2019implication des citoyens.<\/p>\n\n\n\n<p>Nous allons commencer par produire de l\u2019\u00e9lectricit\u00e9 \u00e0 partir de panneaux solaires photovolta\u00efques install\u00e9s sur des b\u00e2timents publics ou priv\u00e9s.<\/p>\n\n\n\n<p><strong>La premi\u00e8re grappe de projets se compose de 16 toitures, soit&nbsp;2000 m\u00b2. C\u2019est l\u2019\u00e9quivalent de la consommation annuelle d\u2019\u00e9lectricit\u00e9 de\u202f120 foyers, hors chauffage et eau chaude.<\/strong><\/p>\n\n\n\n<figure class=\"wp-block-embed is-type-video is-provider-youtube wp-block-embed-youtube wp-embed-aspect-16-9 wp-has-aspect-ratio\"><div class=\"wp-block-embed__wrapper\">\n<iframe loading=\"lazy\" title=\"Citoy&#039;enR, votre coop\u00e9rative citoyenne d&#039;\u00e9nergie renouvelable \u00e0 Toulouse\" width=\"1290\" height=\"726\" src=\"https:\/\/www.youtube.com\/embed\/jbzmX6dXjuI?feature=oembed\" frameborder=\"0\" allow=\"accelerometer; autoplay; clipboard-write; encrypted-media; gyroscope; picture-in-picture; web-share\" referrerpolicy=\"strict-origin-when-cross-origin\" allowfullscreen><\/iframe>\n<\/div><\/figure>\n\n\n\n<h2 class=\"wp-block-heading\">Nos valeurs<\/h2>\n\n\n\n<ul class=\"wp-block-list\">\n<li>Ancrage local Soutenir l&rsquo;\u00e9conomie du territoire<\/li>\n\n\n\n<li>Gouvernance citoyenne Mode de d\u00e9cision sur un format coop\u00e9ratif, 1 personne = 1 voix, transparence totale sur le fonctionnement interne et les aspects financiers<\/li>\n\n\n\n<li>Finalit\u00e9 non-sp\u00e9culative R\u00e9mun\u00e9ration des soci\u00e9taires limit\u00e9e pour favoriser le r\u00e9investissement dans de nouveaux projets citoyens et financer des actions p\u00e9dagogiques de sensibilisation \u00e0 la ma\u00eetrise de l&rsquo;\u00e9nergie<\/li>\n\n\n\n<li>Exigence \u00e9cologique Engagement durable et volontaire dans le respect de l&rsquo;environnement et dans une d\u00e9marche de sobri\u00e9t\u00e9 \u00e9nerg\u00e9tique<\/li>\n<\/ul>\n\n\n\n<p>Vous pouvez consulter notre charte qui reprend et d\u00e9taille nos valeurs.<\/p>\n\n\n\n<p><a href=\"https:\/\/citoyenr.org\/wp-content\/uploads\/2017\/06\/Charte_projet_CitoyENR.pdf\">Consulter notre charte<\/a><\/p>\n\n\n\n<h2 class=\"wp-block-heading\">Comment \u00e7a marche\u202f?&nbsp;<\/h2>\n\n\n\n<p>Les citoyens et acteurs locaux investissent collectivement dans Citoy\u2019enR, ce qui permet de financer l\u2019installation de panneaux photovolta\u00efques. L\u2019\u00e9lectricit\u00e9 produite est r\u00e9inject\u00e9e sur le r\u00e9seau \u00e0 un tarif d\u2019achat garanti sur 20 ans. Ces recettes permettent\u202f:&nbsp;<\/p>\n\n\n\n<ul class=\"wp-block-list\">\n<li>d\u2019amortir les investissements et de d\u00e9velopper de nouveaux projets\u202f;&nbsp;<\/li>\n\n\n\n<li>de financer les actions de sensibilisation et de p\u00e9dagogie sur la th\u00e9matique de l\u2019\u00e9nergie\u202f;&nbsp;<\/li>\n\n\n\n<li>de r\u00e9mun\u00e9rer les soci\u00e9taires.&nbsp;<\/li>\n<\/ul>\n\n\n\n<p>Les citoyens sont ainsi propri\u00e9taires des installations au travers de la coop\u00e9rative.<\/p>\n\n\n\n<p><a href=\"https:\/\/citoyenr.org\/energie-toulouse-souscriptions\/\">Devenir soci\u00e9taire<\/a><\/p>\n","protected":false},"excerpt":{"rendered":"<p>Ensemble, 613 citoyens ont investi 302\u202f350 \u20ac et produit 3\u202f042\u202f557 kWh ! Citoy\u2019enR, un projet citoyen et local Citoy\u2019enR est une SCIC (Soci\u00e9t\u00e9 Coop\u00e9rative d\u2019Int\u00e9r\u00eat Collectif) dont la volont\u00e9 est de cr\u00e9er des\u202fmoyens de production d\u2019\u00e9nergie renouvelable\u202fsur l\u2019ensemble de l\u2019aire urbaine toulousaine. Ce projet s\u2019inscrit dans les valeurs de l\u2019\u00e9conomie sociale et solidaire. Son d\u00e9veloppement [&hellip;]<\/p>\n","protected":false},"author":1,"featured_media":0,"parent":0,"menu_order":0,"comment_status":"closed","ping_status":"closed","template":"","meta":{"footnotes":""},"class_list":["post-9","page","type-page","status-publish","hentry"],"blocksy_meta":[],"_links":{"self":[{"href":"https:\/\/new.citoyenr.org\/index.php\/wp-json\/wp\/v2\/pages\/9","targetHints":{"allow":["GET"]}}],"collection":[{"href":"https:\/\/new.citoyenr.org\/index.php\/wp-json\/wp\/v2\/pages"}],"about":[{"href":"https:\/\/new.citoyenr.org\/index.php\/wp-json\/wp\/v2\/types\/page"}],"author":[{"embeddable":true,"href":"https:\/\/new.citoyenr.org\/index.php\/wp-json\/wp\/v2\/users\/1"}],"replies":[{"embeddable":true,"href":"https:\/\/new.citoyenr.org\/index.php\/wp-json\/wp\/v2\/comments?post=9"}],"version-history":[{"count":2,"href":"https:\/\/new.citoyenr.org\/index.php\/wp-json\/wp\/v2\/pages\/9\/revisions"}],"predecessor-version":[{"id":13,"href":"https:\/\/new.citoyenr.org\/index.php\/wp-json\/wp\/v2\/pages\/9\/revisions\/13"}],"wp:attachment":[{"href":"https:\/\/new.citoyenr.org\/index.php\/wp-json\/wp\/v2\/media?parent=9"}],"curies":[{"name":"wp","href":"https:\/\/api.w.org\/{rel}","templated":true}]}}